{"id":3,"date":"2024-11-12T11:41:22","date_gmt":"2024-11-12T11:41:22","guid":{"rendered":"http:\/\/kwebstudio.com\/?page_id=3"},"modified":"2025-05-29T06:06:57","modified_gmt":"2025-05-29T06:06:57","slug":"privacy-policy","status":"publish","type":"page","link":"https:\/\/kwebstudio.com\/he\/privacy-policy\/","title":{"rendered":"\u05de\u05d3\u05d9\u05e0\u05d9\u05d5\u05ea \u05e4\u05e8\u05d8\u05d9\u05d5\u05ea"},"content":{"rendered":"<div data-elementor-type=\"wp-page\" data-elementor-id=\"3\" class=\"elementor elementor-3\">\n\t\t\t\t<div class=\"elementor-element elementor-element-d9a6089 e-flex e-con-boxed wpr-particle-no wpr-jarallax-no wpr-parallax-no wpr-sticky-section-no e-con e-parent\" data-id=\"d9a6089\" data-element_type=\"container\" data-e-type=\"container\" data-settings=\"{&quot;background_background&quot;:&quot;classic&quot;}\">\n\t\t\t\t\t<div class=\"e-con-inner\">\n\t\t\t\t<div class=\"elementor-element elementor-element-db5ff8d elementor-widget elementor-widget-text-editor\" data-id=\"db5ff8d\" data-element_type=\"widget\" data-e-type=\"widget\" data-widget_type=\"text-editor.default\">\n\t\t\t\t<div class=\"elementor-widget-container\">\n\t\t\t\t\t\t\t\t\t<p data-start=\"214\" data-end=\"247\"><strong data-start=\"214\" data-end=\"247\">Derni\u00e8re mise \u00e0 jour : 29\/05\/2025<\/strong><\/p>\n<p data-start=\"249\" data-end=\"426\">Sur www.kwebstudio.com , nous respectons votre vie priv\u00e9e. Cette politique de confidentialit\u00e9 explique quelles donn\u00e9es nous collectons, dans quel but, et comment elles sont prot\u00e9g\u00e9es.<\/p>\n<h3 data-start=\"428\" data-end=\"453\">1. Donn\u00e9es collect\u00e9es<\/h3>\n<p data-start=\"455\" data-end=\"678\">Nous ne collectons aucune donn\u00e9e personnelle automatiquement.<br data-start=\"516\" data-end=\"519\" \/>La seule information que nous collectons est l\u2019adresse email (et \u00e9ventuellement le nom) que vous fournissez volontairement via notre <strong data-start=\"652\" data-end=\"677\">formulaire de contact<\/strong>.<\/p>\n<h3 data-start=\"680\" data-end=\"710\">2. Utilisation des donn\u00e9es<\/h3>\n<p data-start=\"712\" data-end=\"945\">Les donn\u00e9es que vous nous envoyez via le formulaire de contact sont utilis\u00e9es <strong data-start=\"790\" data-end=\"804\">uniquement<\/strong> pour r\u00e9pondre \u00e0 votre message ou \u00e0 votre demande.<br data-start=\"854\" data-end=\"857\" \/>Elles ne sont <strong data-start=\"871\" data-end=\"911\">ni utilis\u00e9es \u00e0 des fins commerciales<\/strong>, <strong data-start=\"913\" data-end=\"944\">ni partag\u00e9es avec des tiers<\/strong>.<\/p>\n<h3 data-start=\"947\" data-end=\"978\">3. Conservation des donn\u00e9es<\/h3>\n<p data-start=\"980\" data-end=\"1178\">Les messages envoy\u00e9s via le formulaire peuvent \u00eatre conserv\u00e9s dans notre bo\u00eete mail pour assurer le suivi de la communication.<br data-start=\"1106\" data-end=\"1109\" \/>Ils sont supprim\u00e9s r\u00e9guli\u00e8rement lorsqu\u2019ils ne sont plus n\u00e9cessaires.<\/p>\n<h3 data-start=\"1180\" data-end=\"1194\">4. Cookies<\/h3>\n<p data-start=\"1196\" data-end=\"1393\">Notre site ne collecte pas de cookies \u00e0 des fins de suivi ou d\u2019analyse. Si des cookies techniques sont utilis\u00e9s, c\u2019est uniquement pour le bon fonctionnement du site (ex. : affichage, langue, etc.).<\/p>\n<h3 data-start=\"1395\" data-end=\"1410\">5. S\u00e9curit\u00e9<\/h3>\n<p data-start=\"1412\" data-end=\"1553\">Vos donn\u00e9es sont transmises via une connexion s\u00e9curis\u00e9e (HTTPS). Nous prenons les pr\u00e9cautions n\u00e9cessaires pour garantir leur confidentialit\u00e9.<\/p>\n<h3 data-start=\"1555\" data-end=\"1572\">6. Vos droits<\/h3>\n<p data-start=\"1574\" data-end=\"1684\">Conform\u00e9ment au RGPD, vous pouvez demander \u00e0 acc\u00e9der, corriger ou supprimer vos donn\u00e9es en nous contactant \u00e0 :<\/p>\n<p data-start=\"1686\" data-end=\"1719\"><strong data-start=\"1686\" data-end=\"1719\">Email : contact@kwebstudio.com<\/strong><\/p>\t\t\t\t\t\t\t\t<\/div>\n\t\t\t\t<\/div>\n\t\t\t\t\t<\/div>\n\t\t\t\t<\/div>\n\t\t\t\t<\/div>","protected":false},"excerpt":{"rendered":"<p>Derni\u00e8re mise \u00e0 jour : 29\/05\/2025 Sur www.kwebstudio.com , nous respectons votre vie priv\u00e9e. Cette politique de confidentialit\u00e9 explique quelles donn\u00e9es nous collectons, dans quel but, et comment elles sont prot\u00e9g\u00e9es. 1. Donn\u00e9es collect\u00e9es Nous ne collectons aucune donn\u00e9e personnelle automatiquement.La seule information que nous collectons est l\u2019adresse email (et \u00e9ventuellement le nom) que vous fournissez volontairement via notre formulaire de contact. 2. Utilisation des donn\u00e9es Les donn\u00e9es que vous nous envoyez via le formulaire de contact sont utilis\u00e9es uniquement pour r\u00e9pondre \u00e0 votre message ou \u00e0 votre demande.Elles ne sont ni utilis\u00e9es \u00e0 des fins commerciales, ni partag\u00e9es avec des tiers. 3. Conservation des donn\u00e9es Les messages envoy\u00e9s via le formulaire peuvent \u00eatre conserv\u00e9s dans notre bo\u00eete mail pour assurer le suivi de la communication.Ils sont supprim\u00e9s r\u00e9guli\u00e8rement lorsqu\u2019ils ne sont plus n\u00e9cessaires. 4. Cookies Notre site ne collecte pas de cookies \u00e0 des fins de suivi ou d\u2019analyse. Si des cookies techniques sont utilis\u00e9s, c\u2019est uniquement pour le bon fonctionnement du site (ex. : affichage, langue, etc.). 5. S\u00e9curit\u00e9 Vos donn\u00e9es sont transmises via une connexion s\u00e9curis\u00e9e (HTTPS). Nous prenons les pr\u00e9cautions n\u00e9cessaires pour garantir leur confidentialit\u00e9. 6. Vos droits Conform\u00e9ment au RGPD, vous pouvez demander \u00e0 acc\u00e9der, corriger ou supprimer vos donn\u00e9es en nous contactant \u00e0 : Email : contact@kwebstudio.com<\/p>","protected":false},"author":1,"featured_media":0,"parent":0,"menu_order":0,"comment_status":"closed","ping_status":"closed","template":"","meta":{"footnotes":""},"class_list":["post-3","page","type-page","status-publish","hentry"],"yoast_head":"<!-- This site is optimized with the Yoast SEO plugin v27.3 - https:\/\/yoast.com\/product\/yoast-seo-wordpress\/ -->\n<title>Politique de confidentialit\u00e9 - kwebstudio<\/title>\n<meta name=\"robots\" content=\"index, follow, max-snippet:-1, max-image-preview:large, max-video-preview:-1\" \/>\n<link rel=\"canonical\" href=\"https:\/\/kwebstudio.com\/he\/privacy-policy\/\" \/>\n<meta property=\"og:locale\" content=\"he_IL\" \/>\n<meta property=\"og:type\" content=\"article\" \/>\n<meta property=\"og:title\" content=\"Politique de confidentialit\u00e9 - kwebstudio\" \/>\n<meta property=\"og:description\" content=\"Derni\u00e8re mise \u00e0 jour : 29\/05\/2025 Sur www.kwebstudio.com , nous respectons votre vie priv\u00e9e. Cette politique de confidentialit\u00e9 explique quelles donn\u00e9es nous collectons, dans quel but, et comment elles sont prot\u00e9g\u00e9es. 1. Donn\u00e9es collect\u00e9es Nous ne collectons aucune donn\u00e9e personnelle automatiquement.La seule information que nous collectons est l\u2019adresse email (et \u00e9ventuellement le nom) que vous fournissez volontairement via notre formulaire de contact. 2. Utilisation des donn\u00e9es Les donn\u00e9es que vous nous envoyez via le formulaire de contact sont utilis\u00e9es uniquement pour r\u00e9pondre \u00e0 votre message ou \u00e0 votre demande.Elles ne sont ni utilis\u00e9es \u00e0 des fins commerciales, ni partag\u00e9es avec des tiers. 3. Conservation des donn\u00e9es Les messages envoy\u00e9s via le formulaire peuvent \u00eatre conserv\u00e9s dans notre bo\u00eete mail pour assurer le suivi de la communication.Ils sont supprim\u00e9s r\u00e9guli\u00e8rement lorsqu\u2019ils ne sont plus n\u00e9cessaires. 4. Cookies Notre site ne collecte pas de cookies \u00e0 des fins de suivi ou d\u2019analyse. Si des cookies techniques sont utilis\u00e9s, c\u2019est uniquement pour le bon fonctionnement du site (ex. : affichage, langue, etc.). 5. S\u00e9curit\u00e9 Vos donn\u00e9es sont transmises via une connexion s\u00e9curis\u00e9e (HTTPS). Nous prenons les pr\u00e9cautions n\u00e9cessaires pour garantir leur confidentialit\u00e9. 6. Vos droits Conform\u00e9ment au RGPD, vous pouvez demander \u00e0 acc\u00e9der, corriger ou supprimer vos donn\u00e9es en nous contactant \u00e0 : Email : contact@kwebstudio.com\" \/>\n<meta property=\"og:url\" content=\"https:\/\/kwebstudio.com\/he\/privacy-policy\/\" \/>\n<meta property=\"og:site_name\" content=\"kwebstudio\" \/>\n<meta property=\"article:modified_time\" content=\"2025-05-29T06:06:57+00:00\" \/>\n<meta name=\"twitter:card\" content=\"summary_large_image\" \/>\n<meta name=\"twitter:label1\" content=\"\u05d6\u05de\u05df \u05e7\u05e8\u05d9\u05d0\u05d4 \u05de\u05d5\u05e2\u05e8\u05da\" \/>\n\t<meta name=\"twitter:data1\" content=\"2 \u05d3\u05e7\u05d5\u05ea\" \/>\n<script type=\"application\/ld+json\" class=\"yoast-schema-graph\">{\"@context\":\"https:\\\/\\\/schema.org\",\"@graph\":[{\"@type\":\"WebPage\",\"@id\":\"https:\\\/\\\/kwebstudio.com\\\/privacy-policy\\\/\",\"url\":\"https:\\\/\\\/kwebstudio.com\\\/privacy-policy\\\/\",\"name\":\"Politique de confidentialit\u00e9 - kwebstudio\",\"isPartOf\":{\"@id\":\"https:\\\/\\\/kwebstudio.com\\\/#website\"},\"datePublished\":\"2024-11-12T11:41:22+00:00\",\"dateModified\":\"2025-05-29T06:06:57+00:00\",\"breadcrumb\":{\"@id\":\"https:\\\/\\\/kwebstudio.com\\\/privacy-policy\\\/#breadcrumb\"},\"inLanguage\":\"he-IL\",\"potentialAction\":[{\"@type\":\"ReadAction\",\"target\":[\"https:\\\/\\\/kwebstudio.com\\\/privacy-policy\\\/\"]}]},{\"@type\":\"BreadcrumbList\",\"@id\":\"https:\\\/\\\/kwebstudio.com\\\/privacy-policy\\\/#breadcrumb\",\"itemListElement\":[{\"@type\":\"ListItem\",\"position\":1,\"name\":\"Accueil\",\"item\":\"https:\\\/\\\/kwebstudio.com\\\/\"},{\"@type\":\"ListItem\",\"position\":2,\"name\":\"Politique de confidentialit\u00e9\"}]},{\"@type\":\"WebSite\",\"@id\":\"https:\\\/\\\/kwebstudio.com\\\/#website\",\"url\":\"https:\\\/\\\/kwebstudio.com\\\/\",\"name\":\"kwebstudio\",\"description\":\"Kwebstudio\",\"publisher\":{\"@id\":\"https:\\\/\\\/kwebstudio.com\\\/#organization\"},\"potentialAction\":[{\"@type\":\"SearchAction\",\"target\":{\"@type\":\"EntryPoint\",\"urlTemplate\":\"https:\\\/\\\/kwebstudio.com\\\/?s={search_term_string}\"},\"query-input\":{\"@type\":\"PropertyValueSpecification\",\"valueRequired\":true,\"valueName\":\"search_term_string\"}}],\"inLanguage\":\"he-IL\"},{\"@type\":\"Organization\",\"@id\":\"https:\\\/\\\/kwebstudio.com\\\/#organization\",\"name\":\"kwebstudio\",\"url\":\"https:\\\/\\\/kwebstudio.com\\\/\",\"logo\":{\"@type\":\"ImageObject\",\"inLanguage\":\"he-IL\",\"@id\":\"https:\\\/\\\/kwebstudio.com\\\/#\\\/schema\\\/logo\\\/image\\\/\",\"url\":\"http:\\\/\\\/kwebstudio.com\\\/wp-content\\\/uploads\\\/2024\\\/11\\\/logoFonce.png\",\"contentUrl\":\"http:\\\/\\\/kwebstudio.com\\\/wp-content\\\/uploads\\\/2024\\\/11\\\/logoFonce.png\",\"width\":500,\"height\":500,\"caption\":\"kwebstudio\"},\"image\":{\"@id\":\"https:\\\/\\\/kwebstudio.com\\\/#\\\/schema\\\/logo\\\/image\\\/\"}}]}<\/script>\n<!-- \/ Yoast SEO plugin. -->","yoast_head_json":{"title":"Politique de confidentialit\u00e9 - kwebstudio","robots":{"index":"index","follow":"follow","max-snippet":"max-snippet:-1","max-image-preview":"max-image-preview:large","max-video-preview":"max-video-preview:-1"},"canonical":"https:\/\/kwebstudio.com\/he\/privacy-policy\/","og_locale":"he_IL","og_type":"article","og_title":"Politique de confidentialit\u00e9 - kwebstudio","og_description":"Derni\u00e8re mise \u00e0 jour : 29\/05\/2025 Sur www.kwebstudio.com , nous respectons votre vie priv\u00e9e. Cette politique de confidentialit\u00e9 explique quelles donn\u00e9es nous collectons, dans quel but, et comment elles sont prot\u00e9g\u00e9es. 1. Donn\u00e9es collect\u00e9es Nous ne collectons aucune donn\u00e9e personnelle automatiquement.La seule information que nous collectons est l\u2019adresse email (et \u00e9ventuellement le nom) que vous fournissez volontairement via notre formulaire de contact. 2. Utilisation des donn\u00e9es Les donn\u00e9es que vous nous envoyez via le formulaire de contact sont utilis\u00e9es uniquement pour r\u00e9pondre \u00e0 votre message ou \u00e0 votre demande.Elles ne sont ni utilis\u00e9es \u00e0 des fins commerciales, ni partag\u00e9es avec des tiers. 3. Conservation des donn\u00e9es Les messages envoy\u00e9s via le formulaire peuvent \u00eatre conserv\u00e9s dans notre bo\u00eete mail pour assurer le suivi de la communication.Ils sont supprim\u00e9s r\u00e9guli\u00e8rement lorsqu\u2019ils ne sont plus n\u00e9cessaires. 4. Cookies Notre site ne collecte pas de cookies \u00e0 des fins de suivi ou d\u2019analyse. Si des cookies techniques sont utilis\u00e9s, c\u2019est uniquement pour le bon fonctionnement du site (ex. : affichage, langue, etc.). 5. S\u00e9curit\u00e9 Vos donn\u00e9es sont transmises via une connexion s\u00e9curis\u00e9e (HTTPS). Nous prenons les pr\u00e9cautions n\u00e9cessaires pour garantir leur confidentialit\u00e9. 6. Vos droits Conform\u00e9ment au RGPD, vous pouvez demander \u00e0 acc\u00e9der, corriger ou supprimer vos donn\u00e9es en nous contactant \u00e0 : Email : contact@kwebstudio.com","og_url":"https:\/\/kwebstudio.com\/he\/privacy-policy\/","og_site_name":"kwebstudio","article_modified_time":"2025-05-29T06:06:57+00:00","twitter_card":"summary_large_image","twitter_misc":{"\u05d6\u05de\u05df \u05e7\u05e8\u05d9\u05d0\u05d4 \u05de\u05d5\u05e2\u05e8\u05da":"2 \u05d3\u05e7\u05d5\u05ea"},"schema":{"@context":"https:\/\/schema.org","@graph":[{"@type":"WebPage","@id":"https:\/\/kwebstudio.com\/privacy-policy\/","url":"https:\/\/kwebstudio.com\/privacy-policy\/","name":"Politique de confidentialit\u00e9 - kwebstudio","isPartOf":{"@id":"https:\/\/kwebstudio.com\/#website"},"datePublished":"2024-11-12T11:41:22+00:00","dateModified":"2025-05-29T06:06:57+00:00","breadcrumb":{"@id":"https:\/\/kwebstudio.com\/privacy-policy\/#breadcrumb"},"inLanguage":"he-IL","potentialAction":[{"@type":"ReadAction","target":["https:\/\/kwebstudio.com\/privacy-policy\/"]}]},{"@type":"BreadcrumbList","@id":"https:\/\/kwebstudio.com\/privacy-policy\/#breadcrumb","itemListElement":[{"@type":"ListItem","position":1,"name":"Accueil","item":"https:\/\/kwebstudio.com\/"},{"@type":"ListItem","position":2,"name":"Politique de confidentialit\u00e9"}]},{"@type":"WebSite","@id":"https:\/\/kwebstudio.com\/#website","url":"https:\/\/kwebstudio.com\/","name":"kwebstudio","description":"Kwebstudio","publisher":{"@id":"https:\/\/kwebstudio.com\/#organization"},"potentialAction":[{"@type":"SearchAction","target":{"@type":"EntryPoint","urlTemplate":"https:\/\/kwebstudio.com\/?s={search_term_string}"},"query-input":{"@type":"PropertyValueSpecification","valueRequired":true,"valueName":"search_term_string"}}],"inLanguage":"he-IL"},{"@type":"Organization","@id":"https:\/\/kwebstudio.com\/#organization","name":"kwebstudio","url":"https:\/\/kwebstudio.com\/","logo":{"@type":"ImageObject","inLanguage":"he-IL","@id":"https:\/\/kwebstudio.com\/#\/schema\/logo\/image\/","url":"http:\/\/kwebstudio.com\/wp-content\/uploads\/2024\/11\/logoFonce.png","contentUrl":"http:\/\/kwebstudio.com\/wp-content\/uploads\/2024\/11\/logoFonce.png","width":500,"height":500,"caption":"kwebstudio"},"image":{"@id":"https:\/\/kwebstudio.com\/#\/schema\/logo\/image\/"}}]}},"_links":{"self":[{"href":"https:\/\/kwebstudio.com\/he\/wp-json\/wp\/v2\/pages\/3","targetHints":{"allow":["GET"]}}],"collection":[{"href":"https:\/\/kwebstudio.com\/he\/wp-json\/wp\/v2\/pages"}],"about":[{"href":"https:\/\/kwebstudio.com\/he\/wp-json\/wp\/v2\/types\/page"}],"author":[{"embeddable":true,"href":"https:\/\/kwebstudio.com\/he\/wp-json\/wp\/v2\/users\/1"}],"replies":[{"embeddable":true,"href":"https:\/\/kwebstudio.com\/he\/wp-json\/wp\/v2\/comments?post=3"}],"version-history":[{"count":4,"href":"https:\/\/kwebstudio.com\/he\/wp-json\/wp\/v2\/pages\/3\/revisions"}],"predecessor-version":[{"id":447,"href":"https:\/\/kwebstudio.com\/he\/wp-json\/wp\/v2\/pages\/3\/revisions\/447"}],"wp:attachment":[{"href":"https:\/\/kwebstudio.com\/he\/wp-json\/wp\/v2\/media?parent=3"}],"curies":[{"name":"wp","href":"https:\/\/api.w.org\/{rel}","templated":true}]}}