{"id":79,"date":"2025-05-27T11:26:50","date_gmt":"2025-05-27T11:26:50","guid":{"rendered":"https:\/\/kwebstudio.com\/?page_id=79"},"modified":"2025-06-03T12:42:43","modified_gmt":"2025-06-03T12:42:43","slug":"contact","status":"publish","type":"page","link":"https:\/\/kwebstudio.com\/he\/contact\/","title":{"rendered":"\u05e6\u05d5\u05e8 \u05e7\u05e9\u05e8"},"content":{"rendered":"\t\t<div data-elementor-type=\"wp-page\" data-elementor-id=\"79\" class=\"elementor elementor-79\">\n\t\t\t\t<div class=\"elementor-element elementor-element-9123d5f e-flex e-con-boxed wpr-particle-no wpr-jarallax-no wpr-parallax-no wpr-sticky-section-no e-con e-parent\" data-id=\"9123d5f\" data-element_type=\"container\" data-e-type=\"container\" data-settings=\"{&quot;background_background&quot;:&quot;classic&quot;}\">\n\t\t\t\t\t<div class=\"e-con-inner\">\n\t\t\t\t<div class=\"elementor-element elementor-element-284ec46 elementor-widget elementor-widget-heading\" data-id=\"284ec46\" data-element_type=\"widget\" data-e-type=\"widget\" data-widget_type=\"heading.default\">\n\t\t\t\t<div class=\"elementor-widget-container\">\n\t\t\t\t\t<h2 class=\"elementor-heading-title elementor-size-default\">Contact<\/h2>\t\t\t\t<\/div>\n\t\t\t\t<\/div>\n\t\t\t\t\t<\/div>\n\t\t\t\t<\/div>\n\t\t<div class=\"elementor-element elementor-element-bd7690f e-flex e-con-boxed wpr-particle-no wpr-jarallax-no wpr-parallax-no wpr-sticky-section-no e-con e-parent\" data-id=\"bd7690f\" data-element_type=\"container\" data-e-type=\"container\" data-settings=\"{&quot;background_background&quot;:&quot;classic&quot;}\">\n\t\t\t\t\t<div class=\"e-con-inner\">\n\t\t<div class=\"elementor-element elementor-element-bcda2f1 e-con-full e-flex wpr-particle-no wpr-jarallax-no wpr-parallax-no wpr-sticky-section-no e-con e-child\" data-id=\"bcda2f1\" data-element_type=\"container\" data-e-type=\"container\">\n\t\t\t\t<div class=\"elementor-element elementor-element-8e84d6d elementor-invisible elementor-widget elementor-widget-heading\" data-id=\"8e84d6d\" data-element_type=\"widget\" data-e-type=\"widget\" data-settings=\"{&quot;_animation&quot;:&quot;zoomIn&quot;}\" data-widget_type=\"heading.default\">\n\t\t\t\t<div class=\"elementor-widget-container\">\n\t\t\t\t\t<h2 class=\"elementor-heading-title elementor-size-default\">Ecrivez-moi<\/h2>\t\t\t\t<\/div>\n\t\t\t\t<\/div>\n\t\t\t\t<div class=\"elementor-element elementor-element-a37b333 eael-wpforms-form-button-full-width elementor-invisible elementor-widget elementor-widget-eael-wpforms\" data-id=\"a37b333\" data-element_type=\"widget\" data-e-type=\"widget\" data-settings=\"{&quot;_animation&quot;:&quot;slideInLeft&quot;}\" data-widget_type=\"eael-wpforms.default\">\n\t\t\t\t<div class=\"elementor-widget-container\">\n\t\t\t\t\t            <div class=\"eael-contact-form eael-wpforms eael-wpforms-align-default\">\n                                <div class=\"wpforms-container wpforms-container-full wpforms-render-modern\" id=\"wpforms-74\"><form id=\"wpforms-form-74\" class=\"wpforms-validate wpforms-form wpforms-ajax-form\" data-formid=\"74\" method=\"post\" enctype=\"multipart\/form-data\" action=\"\/he\/wp-json\/wp\/v2\/pages\/79\" data-token=\"74ea6738995f2d2895d1b2a346781150\" data-token-time=\"1776385841\"><noscript class=\"wpforms-error-noscript\">Please enable JavaScript in your browser to complete this form.<\/noscript><div id=\"wpforms-error-noscript\" style=\"display: none;\">Please enable JavaScript in your browser to complete this form.<\/div><div class=\"wpforms-field-container\"><div id=\"wpforms-74-field_10-container\" class=\"wpforms-field wpforms-field-text\" data-field-id=\"10\"><label class=\"wpforms-field-label wpforms-label-hide\" for=\"wpforms-74-field_10\" aria-hidden=\"false\">Nom et pr\u00e9nom <span class=\"wpforms-required-label\" aria-hidden=\"true\">*<\/span><\/label><input type=\"text\" id=\"wpforms-74-field_10\" class=\"wpforms-field-large wpforms-field-required\" name=\"wpforms[fields][10]\" placeholder=\"Nom et Pr\u00e9nom\" aria-errormessage=\"wpforms-74-field_10-error\" required><\/div>\t\t<div id=\"wpforms-74-field_1-container\"\n\t\t\tclass=\"wpforms-field wpforms-field-text\"\n\t\t\tdata-field-type=\"text\"\n\t\t\tdata-field-id=\"1\"\n\t\t\t>\n\t\t\t<label class=\"wpforms-field-label\" for=\"wpforms-74-field_1\" >et Message Nom<\/label>\n\t\t\t<input type=\"text\" id=\"wpforms-74-field_1\" class=\"wpforms-field-medium\" name=\"wpforms[fields][1]\" >\n\t\t<\/div>\n\t\t<div id=\"wpforms-74-field_2-container\" class=\"wpforms-field wpforms-field-email\" data-field-id=\"2\"><label class=\"wpforms-field-label wpforms-label-hide\" for=\"wpforms-74-field_2\" aria-hidden=\"false\">E-mail <span class=\"wpforms-required-label\" aria-hidden=\"true\">*<\/span><\/label><input type=\"email\" id=\"wpforms-74-field_2\" class=\"wpforms-field-large wpforms-field-required\" name=\"wpforms[fields][2]\" placeholder=\"E-mail\" spellcheck=\"false\" aria-errormessage=\"wpforms-74-field_2-error\" required><\/div><div id=\"wpforms-74-field_3-container\" class=\"wpforms-field wpforms-field-textarea\" data-field-id=\"3\"><label class=\"wpforms-field-label wpforms-label-hide\" for=\"wpforms-74-field_3\" aria-hidden=\"false\"> Message <span class=\"wpforms-required-label\" aria-hidden=\"true\">*<\/span><\/label><textarea id=\"wpforms-74-field_3\" class=\"wpforms-field-medium wpforms-field-required\" name=\"wpforms[fields][3]\" placeholder=\"Message\" aria-errormessage=\"wpforms-74-field_3-error\" required><\/textarea><\/div><script>\n\t\t\t\t( function() {\n\t\t\t\t\tconst style = document.createElement( 'style' );\n\t\t\t\t\tstyle.appendChild( document.createTextNode( '#wpforms-74-field_1-container { position: absolute !important; overflow: hidden !important; display: inline !important; height: 1px !important; width: 1px !important; z-index: -1000 !important; padding: 0 !important; } #wpforms-74-field_1-container input { visibility: hidden; } #wpforms-conversational-form-page #wpforms-74-field_1-container label { counter-increment: none; }' ) );\n\t\t\t\t\tdocument.head.appendChild( style );\n\t\t\t\t\tdocument.currentScript?.remove();\n\t\t\t\t} )();\n\t\t\t<\/script><\/div><!-- .wpforms-field-container --><div class=\"wpforms-submit-container\" ><input type=\"hidden\" name=\"wpforms[id]\" value=\"74\"><input type=\"hidden\" name=\"page_title\" value=\"\"><input type=\"hidden\" name=\"page_url\" value=\"https:\/\/kwebstudio.com\/he\/wp-json\/wp\/v2\/pages\/79\"><input type=\"hidden\" name=\"url_referer\" value=\"\"><button type=\"submit\" name=\"wpforms[submit]\" id=\"wpforms-submit-74\" class=\"wpforms-submit\" data-alt-text=\"Envoi...\" data-submit-text=\"Envoyer\" aria-live=\"assertive\" value=\"wpforms-submit\">Envoyer<\/button><img decoding=\"async\" src=\"https:\/\/kwebstudio.com\/wp-content\/plugins\/wpforms-lite\/assets\/images\/submit-spin.svg\" class=\"wpforms-submit-spinner\" style=\"display: none;\" width=\"26\" height=\"26\" alt=\"Loading\"><\/div><\/form><\/div>  <!-- .wpforms-container -->            <\/div>\n\t\t\t\t<\/div>\n\t\t\t\t<\/div>\n\t\t\t\t<\/div>\n\t\t<div class=\"elementor-element elementor-element-a4152fd e-con-full e-flex wpr-particle-no wpr-jarallax-no wpr-parallax-no wpr-sticky-section-no e-con e-child\" data-id=\"a4152fd\" data-element_type=\"container\" data-e-type=\"container\">\n\t\t\t\t<div class=\"elementor-element elementor-element-0d8ecee elementor-invisible elementor-widget elementor-widget-heading\" data-id=\"0d8ecee\" data-element_type=\"widget\" data-e-type=\"widget\" data-settings=\"{&quot;_animation&quot;:&quot;slideInDown&quot;}\" data-widget_type=\"heading.default\">\n\t\t\t\t<div class=\"elementor-widget-container\">\n\t\t\t\t\t<h2 class=\"elementor-heading-title elementor-size-default\">Vous avez une question, un projet ou simplement envie d\u2019\u00e9changer ?<\/h2>\t\t\t\t<\/div>\n\t\t\t\t<\/div>\n\t\t\t\t<div class=\"elementor-element elementor-element-38ebe59 elementor-widget elementor-widget-text-editor\" data-id=\"38ebe59\" data-element_type=\"widget\" data-e-type=\"widget\" data-widget_type=\"text-editor.default\">\n\t\t\t\t<div class=\"elementor-widget-container\">\n\t\t\t\t\t\t\t\t\t<p>N\u2019h\u00e9sitez pas \u00e0 m&rsquo;\u00e9crire via le formulaire ci-dessous. Je vous r\u00e9pondrais dans les plus brefs d\u00e9lais. Votre message compte pour moi, et chaque demande re\u00e7oit toute mon attention.<\/p><p>\u00a0<\/p>\t\t\t\t\t\t\t\t<\/div>\n\t\t\t\t<\/div>\n\t\t\t\t<\/div>\n\t\t\t\t\t<\/div>\n\t\t\t\t<\/div>\n\t\t<div class=\"elementor-element elementor-element-e6c45ef e-flex e-con-boxed wpr-particle-no wpr-jarallax-no wpr-parallax-no wpr-sticky-section-no e-con e-parent\" data-id=\"e6c45ef\" data-element_type=\"container\" data-e-type=\"container\" data-settings=\"{&quot;background_background&quot;:&quot;classic&quot;}\">\n\t\t\t\t\t<div class=\"e-con-inner\">\n\t\t\t\t<div class=\"elementor-element elementor-element-a2a8a15 elementor-widget elementor-widget-spacer\" data-id=\"a2a8a15\" data-element_type=\"widget\" data-e-type=\"widget\" data-widget_type=\"spacer.default\">\n\t\t\t\t<div class=\"elementor-widget-container\">\n\t\t\t\t\t\t\t<div class=\"elementor-spacer\">\n\t\t\t<div class=\"elementor-spacer-inner\"><\/div>\n\t\t<\/div>\n\t\t\t\t\t\t<\/div>\n\t\t\t\t<\/div>\n\t\t\t\t\t<\/div>\n\t\t\t\t<\/div>\n\t\t<div class=\"elementor-element elementor-element-0a62ef7 e-flex e-con-boxed wpr-particle-no wpr-jarallax-no wpr-parallax-no wpr-sticky-section-no e-con e-parent\" data-id=\"0a62ef7\" data-element_type=\"container\" data-e-type=\"container\">\n\t\t\t\t\t<div class=\"e-con-inner\">\n\t\t\t\t<div class=\"elementor-element elementor-element-b81cb03 elementor-widget elementor-widget-text-editor\" data-id=\"b81cb03\" data-element_type=\"widget\" data-e-type=\"widget\" data-widget_type=\"text-editor.default\">\n\t\t\t\t<div class=\"elementor-widget-container\">\n\t\t\t\t\t\t\t\t\t<p><a href=\"http:\/\/www.kwebstudio.com\/privacy-policy\">Politique de confidentialit\u00e9<\/a>\u00a0|\u00a0\u00a0<a href=\"http:\/\/www.kwebstudio.com\/conditions-generales-dutilisation\">Conditions d\u2019utilisations<\/a><\/p><p>Ne pas copier, recopier ou utiliser le contenu du site sans autorisation pr\u00e9alable | Tout droits r\u00e9serv\u00e9s \u00e0\u00a0<mark class=\"QVRyCf\"><\/mark><a href=\"http:\/\/kwebstudio.com\/\">\u00a9 kwebstudio.com<\/a><\/p>\t\t\t\t\t\t\t\t<\/div>\n\t\t\t\t<\/div>\n\t\t\t\t\t<\/div>\n\t\t\t\t<\/div>\n\t\t\t\t<\/div>\n\t\t","protected":false},"excerpt":{"rendered":"<p>Contact Ecrivez-moi Veuillez activer JavaScript dans votre navigateur pour remplir ce formulaire.Veuillez activer JavaScript dans votre navigateur pour remplir ce formulaire.Nom et pr\u00e9nom *E-mail * Message * Envoyer Vous avez une question, un projet ou simplement envie d\u2019\u00e9changer ? N\u2019h\u00e9sitez pas \u00e0 m&rsquo;\u00e9crire via le formulaire ci-dessous. Je vous r\u00e9pondrais dans les plus brefs d\u00e9lais. Votre message compte pour moi, et chaque demande re\u00e7oit toute mon attention. \u00a0 Politique de confidentialit\u00e9\u00a0|\u00a0\u00a0Conditions d\u2019utilisations Ne pas copier, recopier ou utiliser le contenu du site sans autorisation pr\u00e9alable | Tout droits r\u00e9serv\u00e9s \u00e0\u00a0\u00a9 kwebstudio.com<\/p>","protected":false},"author":1,"featured_media":0,"parent":0,"menu_order":0,"comment_status":"closed","ping_status":"closed","template":"","meta":{"footnotes":""},"class_list":["post-79","page","type-page","status-publish","hentry"],"yoast_head":"<!-- This site is optimized with the Yoast SEO plugin v27.3 - https:\/\/yoast.com\/product\/yoast-seo-wordpress\/ -->\n<title>Contact - kwebstudio<\/title>\n<meta name=\"robots\" content=\"index, follow, max-snippet:-1, max-image-preview:large, max-video-preview:-1\" \/>\n<link rel=\"canonical\" href=\"https:\/\/kwebstudio.com\/he\/contact\/\" \/>\n<meta property=\"og:locale\" content=\"he_IL\" \/>\n<meta property=\"og:type\" content=\"article\" \/>\n<meta property=\"og:title\" content=\"Contact - kwebstudio\" \/>\n<meta property=\"og:description\" content=\"Contact Ecrivez-moi Veuillez activer JavaScript dans votre navigateur pour remplir ce formulaire.Veuillez activer JavaScript dans votre navigateur pour remplir ce formulaire.Nom et pr\u00e9nom *E-mail * Message * Envoyer Vous avez une question, un projet ou simplement envie d\u2019\u00e9changer ? N\u2019h\u00e9sitez pas \u00e0 m&rsquo;\u00e9crire via le formulaire ci-dessous. Je vous r\u00e9pondrais dans les plus brefs d\u00e9lais. Votre message compte pour moi, et chaque demande re\u00e7oit toute mon attention. \u00a0 Politique de confidentialit\u00e9\u00a0|\u00a0\u00a0Conditions d\u2019utilisations Ne pas copier, recopier ou utiliser le contenu du site sans autorisation pr\u00e9alable | Tout droits r\u00e9serv\u00e9s \u00e0\u00a0\u00a9 kwebstudio.com\" \/>\n<meta property=\"og:url\" content=\"https:\/\/kwebstudio.com\/he\/contact\/\" \/>\n<meta property=\"og:site_name\" content=\"kwebstudio\" \/>\n<meta property=\"article:modified_time\" content=\"2025-06-03T12:42:43+00:00\" \/>\n<meta property=\"og:image\" content=\"https:\/\/kwebstudio.com\/wp-content\/plugins\/wpforms-lite\/assets\/images\/submit-spin.svg\" \/>\n<meta name=\"twitter:card\" content=\"summary_large_image\" \/>\n<meta name=\"twitter:label1\" content=\"\u05d6\u05de\u05df \u05e7\u05e8\u05d9\u05d0\u05d4 \u05de\u05d5\u05e2\u05e8\u05da\" \/>\n\t<meta name=\"twitter:data1\" content=\"\u05d3\u05e7\u05d41\" \/>\n<script type=\"application\/ld+json\" class=\"yoast-schema-graph\">{\"@context\":\"https:\\\/\\\/schema.org\",\"@graph\":[{\"@type\":\"WebPage\",\"@id\":\"https:\\\/\\\/kwebstudio.com\\\/contact\\\/\",\"url\":\"https:\\\/\\\/kwebstudio.com\\\/contact\\\/\",\"name\":\"Contact - kwebstudio\",\"isPartOf\":{\"@id\":\"https:\\\/\\\/kwebstudio.com\\\/#website\"},\"primaryImageOfPage\":{\"@id\":\"https:\\\/\\\/kwebstudio.com\\\/contact\\\/#primaryimage\"},\"image\":{\"@id\":\"https:\\\/\\\/kwebstudio.com\\\/contact\\\/#primaryimage\"},\"thumbnailUrl\":\"https:\\\/\\\/kwebstudio.com\\\/wp-content\\\/plugins\\\/wpforms-lite\\\/assets\\\/images\\\/submit-spin.svg\",\"datePublished\":\"2025-05-27T11:26:50+00:00\",\"dateModified\":\"2025-06-03T12:42:43+00:00\",\"breadcrumb\":{\"@id\":\"https:\\\/\\\/kwebstudio.com\\\/contact\\\/#breadcrumb\"},\"inLanguage\":\"he-IL\",\"potentialAction\":[{\"@type\":\"ReadAction\",\"target\":[\"https:\\\/\\\/kwebstudio.com\\\/contact\\\/\"]}]},{\"@type\":\"ImageObject\",\"inLanguage\":\"he-IL\",\"@id\":\"https:\\\/\\\/kwebstudio.com\\\/contact\\\/#primaryimage\",\"url\":\"https:\\\/\\\/kwebstudio.com\\\/wp-content\\\/plugins\\\/wpforms-lite\\\/assets\\\/images\\\/submit-spin.svg\",\"contentUrl\":\"https:\\\/\\\/kwebstudio.com\\\/wp-content\\\/plugins\\\/wpforms-lite\\\/assets\\\/images\\\/submit-spin.svg\"},{\"@type\":\"BreadcrumbList\",\"@id\":\"https:\\\/\\\/kwebstudio.com\\\/contact\\\/#breadcrumb\",\"itemListElement\":[{\"@type\":\"ListItem\",\"position\":1,\"name\":\"Accueil\",\"item\":\"https:\\\/\\\/kwebstudio.com\\\/\"},{\"@type\":\"ListItem\",\"position\":2,\"name\":\"Contact\"}]},{\"@type\":\"WebSite\",\"@id\":\"https:\\\/\\\/kwebstudio.com\\\/#website\",\"url\":\"https:\\\/\\\/kwebstudio.com\\\/\",\"name\":\"kwebstudio\",\"description\":\"Kwebstudio\",\"publisher\":{\"@id\":\"https:\\\/\\\/kwebstudio.com\\\/#organization\"},\"potentialAction\":[{\"@type\":\"SearchAction\",\"target\":{\"@type\":\"EntryPoint\",\"urlTemplate\":\"https:\\\/\\\/kwebstudio.com\\\/?s={search_term_string}\"},\"query-input\":{\"@type\":\"PropertyValueSpecification\",\"valueRequired\":true,\"valueName\":\"search_term_string\"}}],\"inLanguage\":\"he-IL\"},{\"@type\":\"Organization\",\"@id\":\"https:\\\/\\\/kwebstudio.com\\\/#organization\",\"name\":\"kwebstudio\",\"url\":\"https:\\\/\\\/kwebstudio.com\\\/\",\"logo\":{\"@type\":\"ImageObject\",\"inLanguage\":\"he-IL\",\"@id\":\"https:\\\/\\\/kwebstudio.com\\\/#\\\/schema\\\/logo\\\/image\\\/\",\"url\":\"http:\\\/\\\/kwebstudio.com\\\/wp-content\\\/uploads\\\/2024\\\/11\\\/logoFonce.png\",\"contentUrl\":\"http:\\\/\\\/kwebstudio.com\\\/wp-content\\\/uploads\\\/2024\\\/11\\\/logoFonce.png\",\"width\":500,\"height\":500,\"caption\":\"kwebstudio\"},\"image\":{\"@id\":\"https:\\\/\\\/kwebstudio.com\\\/#\\\/schema\\\/logo\\\/image\\\/\"}}]}<\/script>\n<!-- \/ Yoast SEO plugin. -->","yoast_head_json":{"title":"Contact - kwebstudio","robots":{"index":"index","follow":"follow","max-snippet":"max-snippet:-1","max-image-preview":"max-image-preview:large","max-video-preview":"max-video-preview:-1"},"canonical":"https:\/\/kwebstudio.com\/he\/contact\/","og_locale":"he_IL","og_type":"article","og_title":"Contact - kwebstudio","og_description":"Contact Ecrivez-moi Veuillez activer JavaScript dans votre navigateur pour remplir ce formulaire.Veuillez activer JavaScript dans votre navigateur pour remplir ce formulaire.Nom et pr\u00e9nom *E-mail * Message * Envoyer Vous avez une question, un projet ou simplement envie d\u2019\u00e9changer ? N\u2019h\u00e9sitez pas \u00e0 m&rsquo;\u00e9crire via le formulaire ci-dessous. Je vous r\u00e9pondrais dans les plus brefs d\u00e9lais. Votre message compte pour moi, et chaque demande re\u00e7oit toute mon attention. \u00a0 Politique de confidentialit\u00e9\u00a0|\u00a0\u00a0Conditions d\u2019utilisations Ne pas copier, recopier ou utiliser le contenu du site sans autorisation pr\u00e9alable | Tout droits r\u00e9serv\u00e9s \u00e0\u00a0\u00a9 kwebstudio.com","og_url":"https:\/\/kwebstudio.com\/he\/contact\/","og_site_name":"kwebstudio","article_modified_time":"2025-06-03T12:42:43+00:00","og_image":[{"url":"https:\/\/kwebstudio.com\/wp-content\/plugins\/wpforms-lite\/assets\/images\/submit-spin.svg","type":"","width":"","height":""}],"twitter_card":"summary_large_image","twitter_misc":{"\u05d6\u05de\u05df \u05e7\u05e8\u05d9\u05d0\u05d4 \u05de\u05d5\u05e2\u05e8\u05da":"\u05d3\u05e7\u05d41"},"schema":{"@context":"https:\/\/schema.org","@graph":[{"@type":"WebPage","@id":"https:\/\/kwebstudio.com\/contact\/","url":"https:\/\/kwebstudio.com\/contact\/","name":"Contact - kwebstudio","isPartOf":{"@id":"https:\/\/kwebstudio.com\/#website"},"primaryImageOfPage":{"@id":"https:\/\/kwebstudio.com\/contact\/#primaryimage"},"image":{"@id":"https:\/\/kwebstudio.com\/contact\/#primaryimage"},"thumbnailUrl":"https:\/\/kwebstudio.com\/wp-content\/plugins\/wpforms-lite\/assets\/images\/submit-spin.svg","datePublished":"2025-05-27T11:26:50+00:00","dateModified":"2025-06-03T12:42:43+00:00","breadcrumb":{"@id":"https:\/\/kwebstudio.com\/contact\/#breadcrumb"},"inLanguage":"he-IL","potentialAction":[{"@type":"ReadAction","target":["https:\/\/kwebstudio.com\/contact\/"]}]},{"@type":"ImageObject","inLanguage":"he-IL","@id":"https:\/\/kwebstudio.com\/contact\/#primaryimage","url":"https:\/\/kwebstudio.com\/wp-content\/plugins\/wpforms-lite\/assets\/images\/submit-spin.svg","contentUrl":"https:\/\/kwebstudio.com\/wp-content\/plugins\/wpforms-lite\/assets\/images\/submit-spin.svg"},{"@type":"BreadcrumbList","@id":"https:\/\/kwebstudio.com\/contact\/#breadcrumb","itemListElement":[{"@type":"ListItem","position":1,"name":"Accueil","item":"https:\/\/kwebstudio.com\/"},{"@type":"ListItem","position":2,"name":"Contact"}]},{"@type":"WebSite","@id":"https:\/\/kwebstudio.com\/#website","url":"https:\/\/kwebstudio.com\/","name":"kwebstudio","description":"Kwebstudio","publisher":{"@id":"https:\/\/kwebstudio.com\/#organization"},"potentialAction":[{"@type":"SearchAction","target":{"@type":"EntryPoint","urlTemplate":"https:\/\/kwebstudio.com\/?s={search_term_string}"},"query-input":{"@type":"PropertyValueSpecification","valueRequired":true,"valueName":"search_term_string"}}],"inLanguage":"he-IL"},{"@type":"Organization","@id":"https:\/\/kwebstudio.com\/#organization","name":"kwebstudio","url":"https:\/\/kwebstudio.com\/","logo":{"@type":"ImageObject","inLanguage":"he-IL","@id":"https:\/\/kwebstudio.com\/#\/schema\/logo\/image\/","url":"http:\/\/kwebstudio.com\/wp-content\/uploads\/2024\/11\/logoFonce.png","contentUrl":"http:\/\/kwebstudio.com\/wp-content\/uploads\/2024\/11\/logoFonce.png","width":500,"height":500,"caption":"kwebstudio"},"image":{"@id":"https:\/\/kwebstudio.com\/#\/schema\/logo\/image\/"}}]}},"_links":{"self":[{"href":"https:\/\/kwebstudio.com\/he\/wp-json\/wp\/v2\/pages\/79","targetHints":{"allow":["GET"]}}],"collection":[{"href":"https:\/\/kwebstudio.com\/he\/wp-json\/wp\/v2\/pages"}],"about":[{"href":"https:\/\/kwebstudio.com\/he\/wp-json\/wp\/v2\/types\/page"}],"author":[{"embeddable":true,"href":"https:\/\/kwebstudio.com\/he\/wp-json\/wp\/v2\/users\/1"}],"replies":[{"embeddable":true,"href":"https:\/\/kwebstudio.com\/he\/wp-json\/wp\/v2\/comments?post=79"}],"version-history":[{"count":28,"href":"https:\/\/kwebstudio.com\/he\/wp-json\/wp\/v2\/pages\/79\/revisions"}],"predecessor-version":[{"id":518,"href":"https:\/\/kwebstudio.com\/he\/wp-json\/wp\/v2\/pages\/79\/revisions\/518"}],"wp:attachment":[{"href":"https:\/\/kwebstudio.com\/he\/wp-json\/wp\/v2\/media?parent=79"}],"curies":[{"name":"wp","href":"https:\/\/api.w.org\/{rel}","templated":true}]}}